{"id":245,"date":"2021-02-08T11:20:22","date_gmt":"2021-02-08T14:20:22","guid":{"rendered":"http:\/\/zaltana.com.br\/racoes\/?page_id=245"},"modified":"2022-08-22T19:13:07","modified_gmt":"2022-08-22T22:13:07","slug":"racoes-para-peixes-2","status":"publish","type":"page","link":"https:\/\/zaltana.com.br\/racoes\/produtos\/racoes-para-peixes\/racoes-para-peixes-2\/","title":{"rendered":"Ra\u00e7\u00f5es para Peixes 2"},"content":{"rendered":"","protected":false},"excerpt":{"rendered":"","protected":false},"author":1,"featured_media":0,"parent":46,"menu_order":0,"comment_status":"closed","ping_status":"closed","template":"templates\/produtos-tambaqui-internas.php","meta":[],"yoast_head":"<!-- This site is optimized with the Yoast SEO plugin v15.7 - https:\/\/yoast.com\/wordpress\/plugins\/seo\/ -->\n<title>Ra\u00e7\u00f5es para Peixes 2 - Zaltana Ra\u00e7\u00f5es<\/title>\n<meta name=\"robots\" content=\"index, follow, max-snippet:-1, max-image-preview:large, max-video-preview:-1\" \/>\n<link rel=\"canonical\" href=\"https:\/\/zaltana.com.br\/racoes\/produtos\/racoes-para-peixes\/racoes-para-peixes-2\/\" \/>\n<meta property=\"og:locale\" content=\"pt_BR\" \/>\n<meta property=\"og:type\" content=\"article\" \/>\n<meta property=\"og:title\" content=\"Ra\u00e7\u00f5es para Peixes 2 - Zaltana Ra\u00e7\u00f5es\" \/>\n<meta property=\"og:url\" content=\"https:\/\/zaltana.com.br\/racoes\/produtos\/racoes-para-peixes\/racoes-para-peixes-2\/\" \/>\n<meta property=\"og:site_name\" content=\"Zaltana Ra\u00e7\u00f5es\" \/>\n<meta property=\"article:modified_time\" content=\"2022-08-22T22:13:07+00:00\" \/>\n<meta name=\"twitter:card\" content=\"summary_large_image\" \/>\n<script type=\"application\/ld+json\" class=\"yoast-schema-graph\">{\"@context\":\"https:\/\/schema.org\",\"@graph\":[{\"@type\":\"WebSite\",\"@id\":\"https:\/\/zaltana.com.br\/racoes\/#website\",\"url\":\"https:\/\/zaltana.com.br\/racoes\/\",\"name\":\"Zaltana Ra\\u00e7\\u00f5es\",\"description\":\"\",\"potentialAction\":[{\"@type\":\"SearchAction\",\"target\":\"https:\/\/zaltana.com.br\/racoes\/?s={search_term_string}\",\"query-input\":\"required name=search_term_string\"}],\"inLanguage\":\"pt-BR\"},{\"@type\":\"WebPage\",\"@id\":\"https:\/\/zaltana.com.br\/racoes\/produtos\/racoes-para-peixes\/racoes-para-peixes-2\/#webpage\",\"url\":\"https:\/\/zaltana.com.br\/racoes\/produtos\/racoes-para-peixes\/racoes-para-peixes-2\/\",\"name\":\"Ra\\u00e7\\u00f5es para Peixes 2 - Zaltana Ra\\u00e7\\u00f5es\",\"isPartOf\":{\"@id\":\"https:\/\/zaltana.com.br\/racoes\/#website\"},\"datePublished\":\"2021-02-08T14:20:22+00:00\",\"dateModified\":\"2022-08-22T22:13:07+00:00\",\"inLanguage\":\"pt-BR\",\"potentialAction\":[{\"@type\":\"ReadAction\",\"target\":[\"https:\/\/zaltana.com.br\/racoes\/produtos\/racoes-para-peixes\/racoes-para-peixes-2\/\"]}]}]}<\/script>\n<!-- \/ Yoast SEO plugin. -->","_links":{"self":[{"href":"https:\/\/zaltana.com.br\/racoes\/wp-json\/wp\/v2\/pages\/245"}],"collection":[{"href":"https:\/\/zaltana.com.br\/racoes\/wp-json\/wp\/v2\/pages"}],"about":[{"href":"https:\/\/zaltana.com.br\/racoes\/wp-json\/wp\/v2\/types\/page"}],"author":[{"embeddable":true,"href":"https:\/\/zaltana.com.br\/racoes\/wp-json\/wp\/v2\/users\/1"}],"replies":[{"embeddable":true,"href":"https:\/\/zaltana.com.br\/racoes\/wp-json\/wp\/v2\/comments?post=245"}],"version-history":[{"count":5,"href":"https:\/\/zaltana.com.br\/racoes\/wp-json\/wp\/v2\/pages\/245\/revisions"}],"predecessor-version":[{"id":413,"href":"https:\/\/zaltana.com.br\/racoes\/wp-json\/wp\/v2\/pages\/245\/revisions\/413"}],"up":[{"embeddable":true,"href":"https:\/\/zaltana.com.br\/racoes\/wp-json\/wp\/v2\/pages\/46"}],"wp:attachment":[{"href":"https:\/\/zaltana.com.br\/racoes\/wp-json\/wp\/v2\/media?parent=245"}],"curies":[{"name":"wp","href":"https:\/\/api.w.org\/{rel}","templated":true}]}}